{"id":1137,"date":"2026-01-13T10:18:45","date_gmt":"2026-01-13T09:18:45","guid":{"rendered":"https:\/\/myrtokalle.com\/?page_id=1137"},"modified":"2026-01-13T10:33:39","modified_gmt":"2026-01-13T09:33:39","slug":"terms-and-conditions","status":"publish","type":"page","link":"https:\/\/myrtokalle.com\/index.php\/terms-and-conditions\/","title":{"rendered":"Terms and conditions"},"content":{"rendered":"\t\t<div data-elementor-type=\"wp-page\" data-elementor-id=\"1137\" class=\"elementor elementor-1137\" data-elementor-post-type=\"page\">\n\t\t\t\t<div class=\"elementor-element elementor-element-229d0adb e-flex e-con-boxed e-con e-parent\" data-id=\"229d0adb\" data-element_type=\"container\" data-settings=\"{&quot;background_background&quot;:&quot;classic&quot;,&quot;jet_parallax_layout_list&quot;:[]}\">\n\t\t\t\t\t<div class=\"e-con-inner\">\n\t\t<div class=\"elementor-element elementor-element-6caee75 e-con-full e-flex e-con e-child\" data-id=\"6caee75\" data-element_type=\"container\" data-settings=\"{&quot;jet_parallax_layout_list&quot;:[]}\">\n\t\t\t\t<div class=\"elementor-element elementor-element-4ff1e142 elementor-invisible elementor-widget elementor-widget-heading\" data-id=\"4ff1e142\" data-element_type=\"widget\" data-settings=\"{&quot;_animation&quot;:&quot;fadeInLeft&quot;}\" data-widget_type=\"heading.default\">\n\t\t\t\t\t<h1 class=\"elementor-heading-title elementor-size-default\">Terms and conditions<\/h1>\t\t\t\t<\/div>\n\t\t<div class=\"elementor-element elementor-element-65eb417 e-con-full e-flex elementor-invisible e-con e-child\" data-id=\"65eb417\" data-element_type=\"container\" data-settings=\"{&quot;animation&quot;:&quot;fadeInRight&quot;,&quot;jet_parallax_layout_list&quot;:[]}\">\n\t\t\t\t<div class=\"elementor-element elementor-element-14253592 elementor-icon-list-ico-position-10 elementor-icon-list--layout-traditional elementor-list-item-link-full_width elementor-widget elementor-widget-icon-list\" data-id=\"14253592\" data-element_type=\"widget\" data-widget_type=\"icon-list.default\">\n\t\t\t\t\t\t\t<ul class=\"elementor-icon-list-items\">\n\t\t\t\t\t\t\t<li class=\"elementor-icon-list-item\">\n\t\t\t\t\t\t\t\t\t\t\t<a href=\"https:\/\/tebewebe.online\/naurite\/template-kit\/homepage\/\">\n\n\t\t\t\t\t\t\t\t\t\t\t\t<span class=\"elementor-icon-list-icon\">\n\t\t\t\t\t\t\t<svg aria-hidden=\"true\" class=\"e-font-icon-svg e-fas-chevron-right\" viewBox=\"0 0 320 512\" xmlns=\"http:\/\/www.w3.org\/2000\/svg\"><path d=\"M285.476 272.971L91.132 467.314c-9.373 9.373-24.569 9.373-33.941 0l-22.667-22.667c-9.357-9.357-9.375-24.522-.04-33.901L188.505 256 34.484 101.255c-9.335-9.379-9.317-24.544.04-33.901l22.667-22.667c9.373-9.373 24.569-9.373 33.941 0L285.475 239.03c9.373 9.372 9.373 24.568.001 33.941z\"><\/path><\/svg>\t\t\t\t\t\t<\/span>\n\t\t\t\t\t\t\t\t\t\t<span class=\"elementor-icon-list-text\">Home<\/span>\n\t\t\t\t\t\t\t\t\t\t\t<\/a>\n\t\t\t\t\t\t\t\t\t<\/li>\n\t\t\t\t\t\t<\/ul>\n\t\t\t\t\t\t<\/div>\n\t\t\t\t<div class=\"elementor-element elementor-element-4d928d9 elementor-widget elementor-widget-gum_heading\" data-id=\"4d928d9\" data-element_type=\"widget\" data-widget_type=\"gum_heading.default\">\n\t\t\t\t<div class=\"elementor-widget-container\">\n\t\t\t\t\t<div class=\"gum-widget-title\"><div class=\"section-main-title size-default\"><a href=\"https:\/\/myrtokalle.com\/index.php\/terms-and-conditions\/\">Terms and conditions<\/a><\/div><\/div>\t\t\t\t<\/div>\n\t\t\t\t<\/div>\n\t\t\t\t<\/div>\n\t\t\t\t<\/div>\n\t\t\t\t\t<\/div>\n\t\t\t\t<\/div>\n\t\t<div class=\"elementor-element elementor-element-590532d3 e-flex e-con-boxed e-con e-parent\" data-id=\"590532d3\" data-element_type=\"container\" data-settings=\"{&quot;jet_parallax_layout_list&quot;:[]}\">\n\t\t\t\t\t<div class=\"e-con-inner\">\n\t\t<div class=\"elementor-element elementor-element-7f475ba e-con-full e-flex e-con e-child\" data-id=\"7f475ba\" data-element_type=\"container\" data-settings=\"{&quot;jet_parallax_layout_list&quot;:[]}\">\n\t\t\t\t<div class=\"elementor-element elementor-element-a3a9476 elementor-widget elementor-widget-text-editor\" data-id=\"a3a9476\" data-element_type=\"widget\" data-widget_type=\"text-editor.default\">\n\t\t\t\t\t\t\t\t\t<p><strong>POL\u00cdTICA DE PRIVACITAT<\/strong><\/p><p>1. Responsable del tractament<br \/>D\u2019acord amb el Reglament (UE) 2016\/679 (RGPD) i la Llei Org\u00e0nica 3\/2018 (LOPDGDD), s\u2019informa als usuaris que les dades personals recollides a trav\u00e9s d\u2019aquest lloc web seran tractades per:<\/p><p>\u2022 Responsable: MYRTOKALLE<br \/>\u2022 Lloc web: www.myrtokalle.com<br \/>\u2022 Correu electr\u00f2nic de contacte: myrtoskitchen@gmail.com<\/p><p>\u00a0<\/p><p>2. Dades personals que es recullen<br \/>A trav\u00e9s d\u2019aquest lloc web es poden recollir les seg\u00fcents dades personals:<br \/>\u2022 Nom i cognoms (si s\u2019escau)<br \/>\u2022 Adre\u00e7a de correu electr\u00f2nic<br \/>\u2022 Qualsevol altra dada facilitada volunt\u00e0riament per l\u2019usuari mitjan\u00e7ant formularis<\/p><p>\u00a0<\/p><p>3. Finalitat del tractament<br \/>Les dades personals facilitades pels usuaris seran tractades amb les seg\u00fcents finalitats:<br \/>\u2022 Gestionar la subscripci\u00f3 a la newsletter<br \/>\u2022 Enviar comunicacions informatives, comercials i continguts relacionats amb els serveis, activitats o continguts de MYRTOKALLE<br \/>\u2022 Respondre a consultes o sol\u00b7licituds realitzades per l\u2019usuari<br \/>Les dades no s\u2019utilitzaran per a finalitats diferents de les indicades.<\/p><p>\u00a0<\/p><p>4. Base legal del tractament<br \/>La base legal per al tractament de les dades personals \u00e9s:<br \/>\u2022 El consentiment expr\u00e9s de l\u2019usuari, atorgat mitjan\u00e7ant l\u2019acceptaci\u00f3 expl\u00edcita de la present Pol\u00edtica de Privacitat i la subscripci\u00f3 volunt\u00e0ria a la newsletter.<br \/>L\u2019usuari pot retirar el seu consentiment en qualsevol moment, sense que aix\u00f2 afecti la licitud del tractament basat en el consentiment previ.<\/p><p>\u00a0<\/p><p>5. Conservaci\u00f3 de les dades<br \/>Les dades personals es conservaran:<br \/>\u2022 Mentre l\u2019usuari mantingui la seva subscripci\u00f3 activa<br \/>\u2022 Fins que l\u2019usuari sol\u00b7liciti la baixa o la supressi\u00f3 de les seves dades<br \/>Un cop sol\u00b7licitada la baixa, les dades seran eliminades de manera segura, llevat d\u2019obligaci\u00f3 legal de conservaci\u00f3.<\/p><p>\u00a0<\/p><p>6. Destinataris de les dades<br \/>Les dades personals no es cediran a tercers, excepte obligaci\u00f3 legal.<br \/>Per a la gesti\u00f3 i enviament de comunicacions, s\u2019utilitza la plataforma HubSpot, que actua com a encarregat del tractament i compleix amb la normativa europea de protecci\u00f3 de dades, aplicant mesures t\u00e8cniques i organitzatives adequades per garantir la seguretat de la informaci\u00f3.<\/p><p>\u00a0<\/p><p>7. Drets de l\u2019usuari<br \/>L\u2019usuari pot exercir en qualsevol moment els seg\u00fcents drets:<br \/>\u2022 Dret d\u2019acc\u00e9s a les seves dades personals<br \/>\u2022 Dret de rectificaci\u00f3 de les dades inexactes<br \/>\u2022 Dret de supressi\u00f3 (dret a l\u2019oblit)<br \/>\u2022 Dret d\u2019oposici\u00f3 al tractament<br \/>\u2022 Dret a la limitaci\u00f3 del tractament<br \/>\u2022 Dret a la portabilitat de les dades<br \/>Per exercir aquests drets, l\u2019usuari pot enviar una sol\u00b7licitud escrita a l\u2019adre\u00e7a de correu electr\u00f2nic myrtoskitchen@gmail.com , indicant clarament el dret que vol exercir i adjuntant una c\u00f2pia d\u2019un document identificatiu.<br \/>Aix\u00ed mateix, l\u2019usuari t\u00e9 dret a presentar una reclamaci\u00f3 davant l\u2019Ag\u00e8ncia Espanyola de Protecci\u00f3 de Dades (www.aepd.es).<\/p><p>\u00a0<\/p><p>8. Comunicacions comercials<br \/>L\u2019usuari podr\u00e0 donar-se de baixa de les comunicacions comercials en qualsevol moment mitjan\u00e7ant:<br \/>\u2022 L\u2019enlla\u00e7 de baixa incl\u00f2s a cada correu electr\u00f2nic<br \/>\u2022 L\u2019enviament d\u2019un correu electr\u00f2nic a myrtoskitchen@gmail.com<\/p><p>\u00a0<\/p><p>9. Seguretat de les dades<br \/>MYRTOKALLE adopta les mesures t\u00e8cniques i organitzatives necess\u00e0ries per garantir la seguretat de les dades personals i evitar-ne la p\u00e8rdua, l\u2019\u00fas indegut, l\u2019acc\u00e9s no autoritzat o la divulgaci\u00f3.<\/p><p>\u00a0<\/p><p>10. Modificacions de la pol\u00edtica de privacitat<br \/>MYRTOKALLE es reserva el dret de modificar la present Pol\u00edtica de Privacitat per adaptar-la a novetats legislatives o jurisprudencials. Les modificacions seran publicades en aquesta mateixa p\u00e0gina.<\/p>\t\t\t\t\t\t\t\t<\/div>\n\t\t\t\t<\/div>\n\t\t\t\t\t<\/div>\n\t\t\t\t<\/div>\n\t\t<div class=\"elementor-element elementor-element-6261a34 e-con-full e-flex e-con e-parent\" data-id=\"6261a34\" data-element_type=\"container\" data-settings=\"{&quot;jet_parallax_layout_list&quot;:[]}\">\n\t\t<div class=\"elementor-element elementor-element-be121f9 e-con-full e-flex elementor-invisible e-con e-child\" data-id=\"be121f9\" data-element_type=\"container\" data-settings=\"{&quot;background_background&quot;:&quot;classic&quot;,&quot;animation&quot;:&quot;fadeInRight&quot;,&quot;jet_parallax_layout_list&quot;:[]}\">\n\t\t<div class=\"elementor-element elementor-element-4c46992 e-con-full e-flex e-con e-child\" data-id=\"4c46992\" data-element_type=\"container\" data-settings=\"{&quot;jet_parallax_layout_list&quot;:[]}\">\n\t\t\t\t<div class=\"elementor-element elementor-element-9e2c72d elementor-widget elementor-widget-heading\" data-id=\"9e2c72d\" data-element_type=\"widget\" data-widget_type=\"heading.default\">\n\t\t\t\t\t<h3 class=\"elementor-heading-title elementor-size-default\">Uneix-te a la meva cuina<\/h3>\t\t\t\t<\/div>\n\t\t\t\t<div class=\"elementor-element elementor-element-9f90b09 elementor-widget elementor-widget-text-editor\" data-id=\"9f90b09\" data-element_type=\"widget\" data-widget_type=\"text-editor.default\">\n\t\t\t\t\t\t\t\t\t<p><span dir=\"auto\" style=\"vertical-align: inherit;\"><span dir=\"auto\" style=\"vertical-align: inherit;\">By signing up, you agree that your data will be processed by Myrto Kalle for the purpose of sending you the newsletter. You can unsubscribe at any time. More information in our\u00a0 <\/span><\/span><a href=\"https:\/\/myrtokalle.com\/index.php\/politica-de-privacitat\/\"><span dir=\"auto\" style=\"vertical-align: inherit;\"><span dir=\"auto\" style=\"vertical-align: inherit;\">Privacy Policy.<\/span><\/span><\/a><\/p>\t\t\t\t\t\t\t\t<\/div>\n\t\t\t\t<div class=\"elementor-element elementor-element-96d9852 elementor-widget elementor-widget-metform\" data-id=\"96d9852\" data-element_type=\"widget\" data-settings=\"{&quot;mf_form_multistep_status&quot;:&quot;no&quot;}\" data-widget_type=\"metform.default\">\n\t\t\t\t\t<div id=\"mf-response-props-id-175\" data-previous-steps-style=\"\" data-editswitchopen=\"no\" data-response_type=\"alert\" data-erroricon=\"\" data-successicon=\"\" data-messageposition=\"\" class=\"  mf_slide_direction_horizontal no mf-scroll-top-no\">\n\t\t<div class=\"formpicker_warper formpicker_warper_editable\" data-metform-formpicker-key=\"175\" >\n\t\t\t\t\n\t\t\t<div class=\"mf-widget-container\">\n\t\t\t\t\r\n\t\t<div\r\n\t\t\tid=\"metform-wrap-96d9852-175\"\r\n\t\t\tclass=\"mf-form-wrapper\"\r\n\t\t\tdata-form-id=\"175\"\r\n\t\t\tdata-action=\"https:\/\/myrtokalle.com\/index.php\/wp-json\/metform\/v1\/entries\/insert\/175\"\r\n\t\t\tdata-wp-nonce=\"59d37cbc13\"\r\n\t\t\tdata-form-nonce=\"2e8864da81\"\r\n\t\t\tdata-quiz-summery = \"false\"\r\n\t\t\tdata-save-progress = \"false\"\r\n\t\t\tdata-form-type=\"general-form\"\r\n\t\t\tdata-stop-vertical-effect=\"\"\r\n\t\t\t><\/div>\r\n\r\n\r\n\t\t<!----------------------------- \r\n\t\t\t* controls_data : find the the props passed indie of data attribute\r\n\t\t\t* props.SubmitResponseMarkup : contains the markup of error or success message\r\n\t\t\t* https:\/\/developer.mozilla.org\/en-US\/docs\/Web\/JavaScript\/Reference\/Template_literals\r\n\t\t--------------------------- -->\r\n\r\n\t\t\t\t<script type=\"text\/mf\" class=\"mf-template\">\r\n\t\t\tfunction controls_data (value){\r\n\t\t\t\tlet currentWrapper = \"mf-response-props-id-175\";\r\n\t\t\t\tlet currentEl = document.getElementById(currentWrapper);\r\n\t\t\t\t\r\n\t\t\t\treturn currentEl ? currentEl.dataset[value] : false\r\n\t\t\t}\r\n\r\n\r\n\t\t\tlet is_edit_mode = '' ? true : false;\r\n\t\t\tlet message_position = controls_data('messageposition') || 'top';\r\n\r\n\t\t\t\r\n\t\t\tlet message_successIcon = controls_data('successicon') || '';\r\n\t\t\tlet message_errorIcon = controls_data('erroricon') || '';\r\n\t\t\tlet message_editSwitch = controls_data('editswitchopen') === 'yes' ? true : false;\r\n\t\t\tlet message_proClass = controls_data('editswitchopen') === 'yes' ? 'mf_pro_activated' : '';\r\n\t\t\t\r\n\t\t\tlet is_dummy_markup = is_edit_mode && message_editSwitch ? true : false;\r\n\r\n\t\t\t\r\n\t\t\treturn html`\r\n\t\t\t\t<form\r\n\t\t\t\t\tclassName=\"metform-form-content\"\r\n\t\t\t\t\tref=${parent.formContainerRef}\r\n\t\t\t\t\tonSubmit=${ validation.handleSubmit( parent.handleFormSubmit ) }\r\n\t\t\t\t\r\n\t\t\t\t\t>\r\n\t\t\t\r\n\t\t\t\r\n\t\t\t\t\t${is_dummy_markup ? message_position === 'top' ?  props.ResponseDummyMarkup(message_successIcon, message_proClass) : '' : ''}\r\n\t\t\t\t\t${is_dummy_markup ? ' ' :  message_position === 'top' ? props.SubmitResponseMarkup`${parent}${state}${message_successIcon}${message_errorIcon}${message_proClass}` : ''}\r\n\r\n\t\t\t\t\t<!--------------------------------------------------------\r\n\t\t\t\t\t*** IMPORTANT \/ DANGEROUS ***\r\n\t\t\t\t\t${html``} must be used as in immediate child of \"metform-form-main-wrapper\"\r\n\t\t\t\t\tclass otherwise multistep form will not run at all\r\n\t\t\t\t\t---------------------------------------------------------->\r\n\r\n\t\t\t\t\t<div className=\"metform-form-main-wrapper\" key=${'hide-form-after-submit'} ref=${parent.formRef}>\r\n\t\t\t\t\t${html`\r\n\t\t\t\t\t\t\t\t<div data-elementor-type=\"wp-post\" key=\"2\" data-elementor-id=\"175\" className=\"elementor elementor-175\" data-elementor-post-type=\"metform-form\">\n\t\t\t\t<div className=\"elementor-element elementor-element-ffe4a2a e-con-full e-flex e-con e-parent\" data-id=\"ffe4a2a\" data-element_type=\"container\" data-settings=\"{&quot;jet_parallax_layout_list&quot;:[]}\">\n\t\t\t\t<div className=\"elementor-element elementor-element-7525280 elementor-widget elementor-widget-mf-checkbox\" data-id=\"7525280\" data-element_type=\"widget\" data-settings=\"{&quot;mf_input_name&quot;:&quot;mf-checkbox&quot;,&quot;mf_input_list&quot;:[{&quot;mf_input_option_text&quot;:&quot;He llegit i accepto la Pol\\u00edtica de Privacitat i consento el tractament de les meves dades per rebre comunicacions per correu electr\\u00f2nic.&quot;,&quot;mf_input_option_value&quot;:&quot;He llegit i accepto la Pol\\u00edtica de Privacitat i consento el tractament de les meves dades per rebre comunicacions per correu electr\\u00f2nic.&quot;,&quot;_id&quot;:&quot;4754aa8&quot;,&quot;mf_input_option_status&quot;:&quot;&quot;,&quot;mf_input_option_selected&quot;:&quot;&quot;}],&quot;mf_input_get_params_enable&quot;:&quot;no&quot;}\" data-widget_type=\"mf-checkbox.default\">\n\t\t\t\t\t\r\n\t\t<div className=\"mf-input-wrapper\">\r\n\t\t\t\r\n\t\t\t<div \r\n\t\t\t\t\t\t\t\t\tref=${el => parent.handleCheckbox(el, 'onLoad')}\r\n\t\t\t\t\t\t\t\t\tclassName=\"mf-checkbox multi-option-input-type\"\r\n\t\t\t\t\tid=\"mf-input-checkbox-7525280\">\r\n\t\t\t\t\t\t\t\t\t<div className=\"mf-checkbox-option \">\r\n\t\t\t\t\t\t<label>\r\n\t\t\t\t\t\t\t\t\t\t\t\t\t\t<input type=\"checkbox\"\r\n\t\t\t\t\t\t\t\tclassName=\"mf-input mf-checkbox-input \"\r\n\t\t\t\t\t\t\t\tname=\"mf-checkbox\"\r\n\t\t\t\t\t\t\t\tvalue=\"He llegit i accepto la Pol\u00edtica de Privacitat i consento el tractament de les meves dades per rebre comunicacions per correu electr\u00f2nic.\"\r\n\t\t\t\t\t\t\t\tdefaultChecked=\"\"\r\n\t\t\t\t\t\t\t\t\r\n\t\t\t\t\t\t\t\t\t\t\t\t\t\t\t\t\t\t\t\t\t\t\t\t\tonInput=${ el =>  parent.handleCheckbox(el.target, 'onClick') }\r\n\t\t\t\t\t\t\t\t\taria-invalid=${validation.errors['mf-checkbox'] ? 'true' : 'false'}\r\n\t\t\t\t\t\t\t\t\tref=${el => {\r\n\t\t\t\t\t\t\t\t\t\t\t\t\t\t\t\t\t\t\t\tparent.activateValidation({\"message\":\"This field is required.\",\"minLength\":1,\"maxLength\":\"\",\"type\":\"none\",\"required\":true,\"expression\":\"null\"}, el)}\r\n\t\t\t\t\t\t\t\t\t}\r\n\t\t\t\t\t\t\t\t\t\t\t\t\t\t\t\t\/>\r\n\t\t\t\t\t\t\t<span>\r\n\t\t\t\t\t\t\t\t${ parent.decodeEntities(`He llegit i accepto la Pol\u00edtica de Privacitat i consento el tractament de les meves dades per rebre comunicacions per correu electr\u00f2nic.`) } \t\t\t\t\t\t\t<\/span>\r\n\t\t\t\t\t\t<\/label>\r\n\t\t\t\t\t<\/div>\r\n\t\t\t\t\t\t\t\t<\/div>\r\n\t\t\t<input type=\"hidden\" name=\"mf-checkbox\" value=\"\" \/>\r\n\r\n\t\t\t\t\t\t\t<${validation.ErrorMessage}\r\n\t\t\t\t\terrors=${validation.errors}\r\n\t\t\t\t\tname=\"mf-checkbox\"\r\n\t\t\t\t\tas=${html`<span className=\"mf-error-message\"><\/span>`}\r\n\t\t\t\t\t\/>\r\n\t\t\t\t\t\t\t\t<\/div>\r\n\r\n\t\t\t\t\t\t<\/div>\n\t\t\t\t<\/div>\n\t\t<div className=\"elementor-element elementor-element-4c10946 e-con-full e-flex e-con e-parent\" data-id=\"4c10946\" data-element_type=\"container\" data-settings=\"{&quot;background_background&quot;:&quot;classic&quot;,&quot;jet_parallax_layout_list&quot;:[]}\">\n\t\t\t\t<div className=\"elementor-element elementor-element-f7f72bc elementor-widget__width-initial elementor-widget-mobile__width-inherit elementor-widget elementor-widget-mf-email\" data-id=\"f7f72bc\" data-element_type=\"widget\" data-settings=\"{&quot;mf_input_name&quot;:&quot;mf-email-address-all&quot;,&quot;mf_input_get_params_enable&quot;:&quot;no&quot;}\" data-widget_type=\"mf-email.default\">\n\t\t\t\t\t\r\n\t\t<div className=\"mf-input-wrapper\">\r\n\t\t\t\r\n\t\t\t<input \r\n\t\t\t\ttype=\"email\" \r\n\t\t\t\t \r\n\t\t\t\tdefaultValue=\"\" \r\n\t\t\t\tclassName=\"mf-input \" \r\n\t\t\t\tid=\"mf-input-email-f7f72bc\" \r\n\t\t\t\tname=\"mf-email-address-all\" \r\n\t\t\t\tplaceholder=\"${ parent.decodeEntities(`El teu correu electr\u00f2nic`) } \" \r\n\t\t\t\t \r\n\t\t\t\tonBlur=${parent.handleChange} onFocus=${parent.handleChange} aria-invalid=${validation.errors['mf-email-address-all'] ? 'true' : 'false' } \r\n\t\t\t\tref=${el=> parent.activateValidation({\"message\":\"This field is required.\",\"emailMessage\":\"Please enter a valid Email address\",\"minLength\":1,\"maxLength\":\"\",\"type\":\"none\",\"required\":false,\"expression\":\"null\"}, el)}\r\n\t\t\t\t\t\t\t\/>\r\n\r\n\t\t\t\t\t\t<${validation.ErrorMessage} \r\n\t\t\t\terrors=${validation.errors} \r\n\t\t\t\tname=\"mf-email-address-all\" \r\n\t\t\t\tas=${html`<span className=\"mf-error-message\"><\/span>`}\r\n\t\t\t\/>\r\n\t\t\t\r\n\t\t\t\t\t<\/div>\r\n\r\n\t\t\t\t<\/div>\n\t\t\t\t<div className=\"elementor-element elementor-element-6b2829a mf-btn--justify elementor-widget__width-initial elementor-widget elementor-widget-mf-button\" data-id=\"6b2829a\" data-element_type=\"widget\" data-widget_type=\"mf-button.default\">\n\t\t\t\t\t\t\t<div className=\"mf-btn-wraper \" data-mf-form-conditional-logic-requirement=\"\">\r\n\t\t\t\t\t\t\t<button type=\"submit\" className=\"metform-btn metform-submit-btn \" id=\"\">\r\n\t\t\t\t\t<span>${ parent.decodeEntities(`Subscriu-t\u00b4hi`) } <\/span>\r\n\t\t\t\t<\/button>\r\n\t\t\t        <\/div>\r\n        \t\t\t\t<\/div>\n\t\t\t\t<\/div>\n\t\t\t\t<\/div>\n\t\t\t\t\t\t\t`}\r\n\t\t\t\t\t<\/div>\r\n\r\n\t\t\t\t\t${is_dummy_markup ? message_position === 'bottom' ? props.ResponseDummyMarkup(message_successIcon, message_proClass) : '' : ''}\r\n\t\t\t\t\t${is_dummy_markup ? ' ' : message_position === 'bottom' ? props.SubmitResponseMarkup`${parent}${state}${message_successIcon}${message_errorIcon}${message_proClass}` : ''}\r\n\t\t\t\t\r\n\t\t\t\t<\/form>\r\n\t\t\t`\r\n\t\t<\/script>\r\n\r\n\t\t\t\t\t<\/div>\n\t\t<\/div>\n\t\t<\/div>\t\t\t\t<\/div>\n\t\t\t\t<\/div>\n\t\t\t\t<\/div>\n\t\t\t\t<\/div>\n\t\t\t\t<\/div>\n\t\t","protected":false},"excerpt":{"rendered":"<p>Terms and conditions Home Terms and conditions POL\u00cdTICA DE PRIVACITAT 1. Responsable del tractamentD\u2019acord amb el Reglament (UE) 2016\/679 (RGPD) i la Llei Org\u00e0nica 3\/2018 (LOPDGDD), s\u2019informa als usuaris que les dades personals recollides a trav\u00e9s d\u2019aquest lloc web seran tractades per: \u2022 Responsable: MYRTOKALLE\u2022 Lloc web: www.myrtokalle.com\u2022 Correu electr\u00f2nic de contacte: myrtoskitchen@gmail.com \u00a0 2. [&hellip;]<\/p>\n","protected":false},"author":1,"featured_media":0,"parent":0,"menu_order":0,"comment_status":"closed","ping_status":"closed","template":"elementor_header_footer","meta":{"footnotes":""},"class_list":["post-1137","page","type-page","status-publish","hentry"],"_links":{"self":[{"href":"https:\/\/myrtokalle.com\/index.php\/wp-json\/wp\/v2\/pages\/1137","targetHints":{"allow":["GET"]}}],"collection":[{"href":"https:\/\/myrtokalle.com\/index.php\/wp-json\/wp\/v2\/pages"}],"about":[{"href":"https:\/\/myrtokalle.com\/index.php\/wp-json\/wp\/v2\/types\/page"}],"author":[{"embeddable":true,"href":"https:\/\/myrtokalle.com\/index.php\/wp-json\/wp\/v2\/users\/1"}],"replies":[{"embeddable":true,"href":"https:\/\/myrtokalle.com\/index.php\/wp-json\/wp\/v2\/comments?post=1137"}],"version-history":[{"count":0,"href":"https:\/\/myrtokalle.com\/index.php\/wp-json\/wp\/v2\/pages\/1137\/revisions"}],"wp:attachment":[{"href":"https:\/\/myrtokalle.com\/index.php\/wp-json\/wp\/v2\/media?parent=1137"}],"curies":[{"name":"wp","href":"https:\/\/api.w.org\/{rel}","templated":true}]}}